{"id":22,"date":"2026-01-20T15:05:33","date_gmt":"2026-01-20T15:05:33","guid":{"rendered":"https:\/\/drfrancoespinoza.com\/?page_id=22"},"modified":"2026-03-18T21:39:36","modified_gmt":"2026-03-18T21:39:36","slug":"acerca-de","status":"publish","type":"page","link":"https:\/\/drfrancoespinoza.com\/index.php\/acerca-de\/","title":{"rendered":"Acerca de"},"content":{"rendered":"\n<div class=\"wp-block-cover alignfull\" style=\"min-height:600px;aspect-ratio:unset;\"><span aria-hidden=\"true\" class=\"wp-block-cover__background has-nv-light-bg-background-color has-background-dim-100 has-background-dim\"><\/span><div class=\"wp-block-cover__inner-container is-layout-flow wp-block-cover-is-layout-flow\">\n<div class=\"wp-block-group\"><div class=\"wp-block-group__inner-container is-layout-flow wp-block-group-is-layout-flow\">\n<div style=\"height:80px\" aria-hidden=\"true\" class=\"wp-block-spacer\"><\/div>\n\n\n\n<div class=\"wp-block-columns are-vertically-aligned-center has-neve-text-color-color has-text-color is-layout-flex wp-container-core-columns-is-layout-9d6595d7 wp-block-columns-is-layout-flex\">\n<div class=\"wp-block-column is-vertically-aligned-center is-layout-flow wp-block-column-is-layout-flow\" style=\"padding-right:var(--wp--preset--spacing--30);padding-left:var(--wp--preset--spacing--30);flex-basis:50%\">\n<figure class=\"wp-block-image size-full has-custom-border\"><img data-opt-id=1498030070  fetchpriority=\"high\" decoding=\"async\" src=\"https:\/\/ml1shroqufqm.i.optimole.com\/w:auto\/h:auto\/q:mauto\/f:best\/https:\/\/drfrancoespinoza.com\/wp-content\/themes\/neve\/assets\/img\/starter-content\/neve-marketing-agency-10.png\" alt=\"\" style=\"border-radius:16px\"\/><\/figure>\n<\/div>\n\n\n\n<div class=\"wp-block-column is-vertically-aligned-center is-layout-flow wp-block-column-is-layout-flow\" style=\"padding-top:0;padding-right:var(--wp--preset--spacing--30);padding-bottom:0;padding-left:var(--wp--preset--spacing--30);flex-basis:50%\">\n<h2 class=\"wp-block-heading has-neve-text-color-color has-text-color\">Qui\u00e9nes somos<\/h2>\n\n\n\n<p>Somos una cl\u00ednica especializada en traumatolog\u00eda, rehabilitaci\u00f3n y medicina deportiva, enfocada en brindar una atenci\u00f3n m\u00e9dica integral, segura y personalizada para cada paciente.<\/p>\n\n\n\n<p>En la Cl\u00ednica del Dr. Franco Espinoza trabajamos con un enfoque centrado en la recuperaci\u00f3n funcional, combinando experiencia m\u00e9dica, tecnolog\u00eda y tratamientos adaptados a cada necesidad. Nuestro objetivo es ayudarte a recuperar tu movilidad, aliviar el dolor y mejorar tu calidad de vida.<\/p>\n\n\n\n<p class=\"has-neve-text-color-color has-text-color\">Contamos con un equipo capacitado y comprometido, que aplica protocolos profesionales para garantizar resultados efectivos en cada etapa del tratamiento.<\/p>\n<\/div>\n<\/div>\n\n\n\n<div style=\"height:40px\" aria-hidden=\"true\" class=\"wp-block-spacer\"><\/div>\n<\/div><\/div>\n<\/div><\/div>\n\n\n\n<div class=\"wp-block-cover alignfull\" style=\"min-height:600px;aspect-ratio:unset;\"><span aria-hidden=\"true\" class=\"wp-block-cover__background has-nv-dark-bg-background-color has-background-dim-100 has-background-dim\"><\/span><div class=\"wp-block-cover__inner-container is-layout-flow wp-block-cover-is-layout-flow\">\n<div class=\"wp-block-group\"><div class=\"wp-block-group__inner-container is-layout-flow wp-block-group-is-layout-flow\">\n<div style=\"height:80px\" aria-hidden=\"true\" class=\"wp-block-spacer\"><\/div>\n\n\n\n<div class=\"wp-block-columns are-vertically-aligned-center is-layout-flex wp-container-core-columns-is-layout-9d6595d7 wp-block-columns-is-layout-flex\">\n<div class=\"wp-block-column is-vertically-aligned-center is-layout-flow wp-block-column-is-layout-flow\" style=\"padding-right:var(--wp--preset--spacing--30);padding-left:var(--wp--preset--spacing--30);flex-basis:50%\">\n<h2 class=\"wp-block-heading has-nv-text-dark-bg-color has-text-color\">\u2b50 <strong>Nuestra misi\u00f3n<\/strong><\/h2>\n\n\n\n<p class=\"has-nv-text-dark-bg-color has-text-color\"><\/p>\n\n\n\n<p class=\"has-nv-text-dark-bg-color has-text-color\">Brindar atenci\u00f3n m\u00e9dica especializada en traumatolog\u00eda y rehabilitaci\u00f3n, enfocada en la recuperaci\u00f3n integral y el bienestar de nuestros pacientes.<\/p>\n\n\n\n<div style=\"height:20px\" aria-hidden=\"true\" class=\"wp-block-spacer\"><\/div>\n\n\n\n<div class=\"wp-block-buttons has-custom-font-size has-small-font-size is-content-justification-left is-layout-flex wp-container-core-buttons-is-layout-fdcfc74e wp-block-buttons-is-layout-flex\">\n<div class=\"wp-block-button is-style-default\"><a class=\"wp-block-button__link has-nv-text-dark-bg-color has-neve-link-color-background-color has-text-color has-background has-link-color has-custom-font-size wp-element-button\" href=\"https:\/\/drfrancoespinoza.com\/contact\/\" style=\"font-size:16px\">Book a Call<\/a><\/div>\n<\/div>\n\n\n\n<div style=\"height:20px\" aria-hidden=\"true\" class=\"wp-block-spacer\"><\/div>\n<\/div>\n\n\n\n<div class=\"wp-block-column is-vertically-aligned-center is-layout-flow wp-block-column-is-layout-flow\" style=\"padding-right:var(--wp--preset--spacing--30);padding-left:var(--wp--preset--spacing--30);flex-basis:50%\">\n<figure class=\"wp-block-image size-full has-custom-border\"><img data-opt-id=2077431599  fetchpriority=\"high\" decoding=\"async\" src=\"https:\/\/ml1shroqufqm.i.optimole.com\/w:auto\/h:auto\/q:mauto\/f:best\/https:\/\/drfrancoespinoza.com\/wp-content\/themes\/neve\/assets\/img\/starter-content\/neve-marketing-agency-16.png\" alt=\"\" style=\"border-radius:16px\"\/><\/figure>\n<\/div>\n<\/div>\n\n\n\n<div style=\"height:40px\" aria-hidden=\"true\" class=\"wp-block-spacer\"><\/div>\n<\/div><\/div>\n<\/div><\/div>\n\n\n\n<p><\/p>\n","protected":false},"excerpt":{"rendered":"","protected":false},"author":1,"featured_media":0,"parent":0,"menu_order":0,"comment_status":"closed","ping_status":"closed","template":"","meta":{"_themeisle_gutenberg_block_has_review":false,"footnotes":""},"class_list":["post-22","page","type-page","status-publish","hentry"],"_links":{"self":[{"href":"https:\/\/drfrancoespinoza.com\/index.php\/wp-json\/wp\/v2\/pages\/22","targetHints":{"allow":["GET"]}}],"collection":[{"href":"https:\/\/drfrancoespinoza.com\/index.php\/wp-json\/wp\/v2\/pages"}],"about":[{"href":"https:\/\/drfrancoespinoza.com\/index.php\/wp-json\/wp\/v2\/types\/page"}],"author":[{"embeddable":true,"href":"https:\/\/drfrancoespinoza.com\/index.php\/wp-json\/wp\/v2\/users\/1"}],"replies":[{"embeddable":true,"href":"https:\/\/drfrancoespinoza.com\/index.php\/wp-json\/wp\/v2\/comments?post=22"}],"version-history":[{"count":3,"href":"https:\/\/drfrancoespinoza.com\/index.php\/wp-json\/wp\/v2\/pages\/22\/revisions"}],"predecessor-version":[{"id":54,"href":"https:\/\/drfrancoespinoza.com\/index.php\/wp-json\/wp\/v2\/pages\/22\/revisions\/54"}],"wp:attachment":[{"href":"https:\/\/drfrancoespinoza.com\/index.php\/wp-json\/wp\/v2\/media?parent=22"}],"curies":[{"name":"wp","href":"https:\/\/api.w.org\/{rel}","templated":true}]}}